{"id":6535,"date":"2025-12-03T23:07:15","date_gmt":"2025-12-03T23:07:15","guid":{"rendered":"https:\/\/humanplus.com.co\/?post_type=product&#038;p=6535"},"modified":"2026-03-01T13:24:03","modified_gmt":"2026-03-01T13:24:03","slug":"kit-antiinflamatorio","status":"publish","type":"product","link":"https:\/\/humanplus.com.co\/?product=kit-antiinflamatorio","title":{"rendered":"KIT Antiinflamatorio"},"content":{"rendered":"<hr \/>\n<h6>\u00bfPor qu\u00e9 tomar C\u00farcuma y Tart Cherry si ambas son antiinflamatorias?<\/h6>\n<p>Aunque las dos tienen propiedades antiinflamatorias, act\u00faan por v\u00edas distintas y se complementan:<\/p>\n<p>\ud83d\udfe1 C\u00farcuma<\/p>\n<p>\u2022 Su efecto es m\u00e1s sist\u00e9mico y prolongado.<\/p>\n<p>\u2022 Modula la inflamaci\u00f3n cr\u00f3nica de bajo grado que aparece por el estr\u00e9s, la carga de entrenamiento o una dieta inadecuada.<\/p>\n<p>\u2022 Apoya la salud articular y digestiva.<\/p>\n<p>\u2022 Ideal para deportistas que entrenan todos los d\u00edas o que acumulan microlesiones.<\/p>\n<p>\ud83d\udd34 Tart Cherry (Cereza \u00e1cida)<\/p>\n<p>\u2022 Su efecto es m\u00e1s r\u00e1pido y agudo.<\/p>\n<p>\u2022 Reduce el dolor y la rigidez muscular tras sesiones intensas o competencias.<\/p>\n<p>\u2022 Favorece la recuperaci\u00f3n del tejido muscular.<\/p>\n<p>\u2022 Ideal para etapas de carga alta o recuperaci\u00f3n post-competencia.<\/p>\n<p>\ud83d\ude80 En conjunto:<\/p>\n<p>\u2022 La c\u00farcuma act\u00faa \u201cde fondo\u201d, manteniendo bajo control la inflamaci\u00f3n general.<\/p>\n<p>\u2022 El Tart Cherry act\u00faa \u201cen el momento\u201d, reduciendo la inflamaci\u00f3n y el dolor inmediato.<\/p>\n<p>\u2022 Juntos favorecen una recuperaci\u00f3n m\u00e1s completa y sostenida, con menos fatiga y mejor rendimiento.<\/p>\n<p>\u2728 Y adem\u00e1s\u2026<\/p>\n<p>Esta combinaci\u00f3n tambi\u00e9n es ideal para personas mayores de 40 a\u00f1os, incluso si no hacen deporte, ya que apoya la salud articular, reduce molestias cotidianas y mejora la recuperaci\u00f3n del movimiento diario.<\/p>\n<p>Es especialmente \u00fatil para mujeres en etapa de peri y menopausia, porque ayuda a modular la inflamaci\u00f3n, aliviar la rigidez matutina y apoyar el bienestar general en un momento en el que las articulaciones y los tejidos pueden volverse m\u00e1s sensibles.<\/p>\n<hr \/>\n<p>&nbsp;<\/p>\n","protected":false},"excerpt":{"rendered":"<hr \/>\n<p>Tart Cherry: 60 c\u00e1psulas, 300mg por c\u00e1psula.<\/p>\n<p>C\u00farcuma: 90 c\u00e1psulas, 500mg por c\u00e1psula.<\/p>\n<hr \/>\n<p>&nbsp;<\/p>\n","protected":false},"featured_media":6536,"comment_status":"open","ping_status":"closed","template":"","meta":{"site-sidebar-layout":"default","site-content-layout":"","ast-site-content-layout":"default","site-content-style":"default","site-sidebar-style":"default","ast-global-header-display":"","ast-banner-title-visibility":"","ast-main-header-display":"","ast-hfb-above-header-display":"","ast-hfb-below-header-display":"","ast-hfb-mobile-header-display":"","site-post-title":"","ast-breadcrumbs-content":"","ast-featured-img":"","footer-sml-layout":"","theme-transparent-header-meta":"default","adv-header-id-meta":"","stick-header-meta":"","header-above-stick-meta":"","header-main-stick-meta":"","header-below-stick-meta":"","astra-migrate-meta-layouts":"set","ast-page-background-enabled":"default","ast-page-background-meta":{"desktop":{"background-color":"","background-image":"","background-repeat":"repeat","background-position":"center center","background-size":"auto","background-attachment":"scroll","background-type":"","background-media":"","overlay-type":"","overlay-color":"","overlay-gradient":""},"tablet":{"background-color":"","background-image":"","background-repeat":"repeat","background-position":"center center","background-size":"auto","background-attachment":"scroll","background-type":"","background-media":"","overlay-type":"","overlay-color":"","overlay-gradient":""},"mobile":{"background-color":"","background-image":"","background-repeat":"repeat","background-position":"center center","background-size":"auto","background-attachment":"scroll","background-type":"","background-media":"","overlay-type":"","overlay-color":"","overlay-gradient":""}},"ast-content-background-meta":{"desktop":{"background-color":"var(--ast-global-color-5)","background-image":"","background-repeat":"repeat","background-position":"center center","background-size":"auto","background-attachment":"scroll","background-type":"","background-media":"","overlay-type":"","overlay-color":"","overlay-gradient":""},"tablet":{"background-color":"var(--ast-global-color-5)","background-image":"","background-repeat":"repeat","background-position":"center center","background-size":"auto","background-attachment":"scroll","background-type":"","background-media":"","overlay-type":"","overlay-color":"","overlay-gradient":""},"mobile":{"background-color":"var(--ast-global-color-5)","background-image":"","background-repeat":"repeat","background-position":"center center","background-size":"auto","background-attachment":"scroll","background-type":"","background-media":"","overlay-type":"","overlay-color":"","overlay-gradient":""}}},"product_brand":[],"product_cat":[43,27],"product_tag":[],"class_list":{"0":"post-6535","1":"product","2":"type-product","3":"status-publish","4":"has-post-thumbnail","6":"product_cat-combos","7":"product_cat-salud-y-bienestar","8":"desktop-align-center","9":"tablet-align-center","10":"mobile-align-center","12":"first","13":"instock","14":"shipping-taxable","15":"purchasable","16":"product-type-simple"},"_links":{"self":[{"href":"https:\/\/humanplus.com.co\/index.php?rest_route=\/wp\/v2\/product\/6535","targetHints":{"allow":["GET"]}}],"collection":[{"href":"https:\/\/humanplus.com.co\/index.php?rest_route=\/wp\/v2\/product"}],"about":[{"href":"https:\/\/humanplus.com.co\/index.php?rest_route=\/wp\/v2\/types\/product"}],"replies":[{"embeddable":true,"href":"https:\/\/humanplus.com.co\/index.php?rest_route=%2Fwp%2Fv2%2Fcomments&post=6535"}],"wp:featuredmedia":[{"embeddable":true,"href":"https:\/\/humanplus.com.co\/index.php?rest_route=\/wp\/v2\/media\/6536"}],"wp:attachment":[{"href":"https:\/\/humanplus.com.co\/index.php?rest_route=%2Fwp%2Fv2%2Fmedia&parent=6535"}],"wp:term":[{"taxonomy":"product_brand","embeddable":true,"href":"https:\/\/humanplus.com.co\/index.php?rest_route=%2Fwp%2Fv2%2Fproduct_brand&post=6535"},{"taxonomy":"product_cat","embeddable":true,"href":"https:\/\/humanplus.com.co\/index.php?rest_route=%2Fwp%2Fv2%2Fproduct_cat&post=6535"},{"taxonomy":"product_tag","embeddable":true,"href":"https:\/\/humanplus.com.co\/index.php?rest_route=%2Fwp%2Fv2%2Fproduct_tag&post=6535"}],"curies":[{"name":"wp","href":"https:\/\/api.w.org\/{rel}","templated":true}]}}