{"id":6529,"date":"2025-12-03T21:57:43","date_gmt":"2025-12-03T21:57:43","guid":{"rendered":"https:\/\/humanplus.com.co\/?post_type=product&#038;p=6529"},"modified":"2026-04-15T23:47:47","modified_gmt":"2026-04-15T23:47:47","slug":"kit-colageno-creatina","status":"publish","type":"product","link":"https:\/\/humanplus.com.co\/?product=kit-colageno-creatina","title":{"rendered":"Kit Repara &#038; Potencia"},"content":{"rendered":"<hr \/>\n<p>Este kit es ideal porque combina dos suplementos que trabajan en sinergia para maximizar tu bienestar: la creatina potencia la energ\u00eda y la funci\u00f3n muscular, mientras que el col\u00e1geno apoya articulaciones, huesos y piel. Juntos ofrecen un apoyo integral tanto para quienes entrenan como para quienes no hacen deporte pero desean cuidar su cuerpo, mantener su movilidad y fortalecer sus tejidos. Una soluci\u00f3n pr\u00e1ctica, efectiva y completa para sentirte mejor cada d\u00eda, hagas o no ejercicio.<\/p>\n<hr \/>\n<h6>Igredientes Col\u00e1geno<\/h6>\n<p><span style=\"font-size: 16px; -webkit-text-size-adjust: 100%;\">Prote\u00edna concentrada de suero, Col\u00e1geno hidrolizado, resveratrol, <\/span><span style=\"font-size: 16px; -webkit-text-size-adjust: 100%;\">p\u00e9ptidos de col\u00e1geno de pescado tipo i, ii y iii, uva, <\/span><span style=\"font-size: 16px; -webkit-text-size-adjust: 100%;\">citrato de magnesio, biotina, vitamina c, tiamina, piridoxina, <\/span><span style=\"font-size: 16px; -webkit-text-size-adjust: 100%;\">vitamina a, vitamina e, vitamina b12, glicina, carbonato de calcio.<\/span><\/p>\n<p>Alergenos: Contiene derivados de pescado, l\u00e1cteos y ha sido producido en una planta donde se empaca soya, almendras y gluten.<\/p>\n<hr \/>\n<h6>Ingredientes creatina<\/h6>\n<p>100% creatina \u00a0monohidratada<\/p>\n<p>Producto libre de gluten, l\u00e1cteos, soya.<\/p>\n<hr \/>\n<h6 class=\"p1\"><span class=\"s1\">Modo de uso:<\/span><\/h6>\n<p class=\"p2\"><span class=\"s2\">\u2022 Cretina: un scoop de 5g diarios, en cualquier momento del d\u00eda, la puedes disolver en agua.<\/span><\/p>\n<p class=\"p2\"><span class=\"s2\">\u2022 Col\u00e1geno: un scoop y medio, se puede disolver con algua o tu bebida preferida.<\/span><\/p>\n<hr \/>\n<p class=\"p2\">\n","protected":false},"excerpt":{"rendered":"<hr \/>\n<h6>Creatina Monohidratada<\/h6>\n<p>100 servcios<\/p>\n<p>5g cada uno<\/p>\n<hr \/>\n<h6>Colageno \u00a02 en 1<\/h6>\n<p>17- 20 servcios<\/p>\n<p>Colageno + 16g prote\u00edna de suero<\/p>\n<hr \/>\n<p>&nbsp;<\/p>\n","protected":false},"featured_media":6530,"comment_status":"open","ping_status":"closed","template":"","meta":{"site-sidebar-layout":"default","site-content-layout":"","ast-site-content-layout":"default","site-content-style":"default","site-sidebar-style":"default","ast-global-header-display":"","ast-banner-title-visibility":"","ast-main-header-display":"","ast-hfb-above-header-display":"","ast-hfb-below-header-display":"","ast-hfb-mobile-header-display":"","site-post-title":"","ast-breadcrumbs-content":"","ast-featured-img":"","footer-sml-layout":"","theme-transparent-header-meta":"default","adv-header-id-meta":"","stick-header-meta":"","header-above-stick-meta":"","header-main-stick-meta":"","header-below-stick-meta":"","astra-migrate-meta-layouts":"set","ast-page-background-enabled":"default","ast-page-background-meta":{"desktop":{"background-color":"","background-image":"","background-repeat":"repeat","background-position":"center center","background-size":"auto","background-attachment":"scroll","background-type":"","background-media":"","overlay-type":"","overlay-color":"","overlay-gradient":""},"tablet":{"background-color":"","background-image":"","background-repeat":"repeat","background-position":"center center","background-size":"auto","background-attachment":"scroll","background-type":"","background-media":"","overlay-type":"","overlay-color":"","overlay-gradient":""},"mobile":{"background-color":"","background-image":"","background-repeat":"repeat","background-position":"center center","background-size":"auto","background-attachment":"scroll","background-type":"","background-media":"","overlay-type":"","overlay-color":"","overlay-gradient":""}},"ast-content-background-meta":{"desktop":{"background-color":"var(--ast-global-color-5)","background-image":"","background-repeat":"repeat","background-position":"center center","background-size":"auto","background-attachment":"scroll","background-type":"","background-media":"","overlay-type":"","overlay-color":"","overlay-gradient":""},"tablet":{"background-color":"var(--ast-global-color-5)","background-image":"","background-repeat":"repeat","background-position":"center center","background-size":"auto","background-attachment":"scroll","background-type":"","background-media":"","overlay-type":"","overlay-color":"","overlay-gradient":""},"mobile":{"background-color":"var(--ast-global-color-5)","background-image":"","background-repeat":"repeat","background-position":"center center","background-size":"auto","background-attachment":"scroll","background-type":"","background-media":"","overlay-type":"","overlay-color":"","overlay-gradient":""}}},"product_brand":[],"product_cat":[43,27],"product_tag":[],"class_list":{"0":"post-6529","1":"product","2":"type-product","3":"status-publish","4":"has-post-thumbnail","6":"product_cat-combos","7":"product_cat-salud-y-bienestar","8":"desktop-align-center","9":"tablet-align-center","10":"mobile-align-center","12":"first","13":"instock","14":"sale","15":"shipping-taxable","16":"purchasable","17":"product-type-simple"},"_links":{"self":[{"href":"https:\/\/humanplus.com.co\/index.php?rest_route=\/wp\/v2\/product\/6529","targetHints":{"allow":["GET"]}}],"collection":[{"href":"https:\/\/humanplus.com.co\/index.php?rest_route=\/wp\/v2\/product"}],"about":[{"href":"https:\/\/humanplus.com.co\/index.php?rest_route=\/wp\/v2\/types\/product"}],"replies":[{"embeddable":true,"href":"https:\/\/humanplus.com.co\/index.php?rest_route=%2Fwp%2Fv2%2Fcomments&post=6529"}],"wp:featuredmedia":[{"embeddable":true,"href":"https:\/\/humanplus.com.co\/index.php?rest_route=\/wp\/v2\/media\/6530"}],"wp:attachment":[{"href":"https:\/\/humanplus.com.co\/index.php?rest_route=%2Fwp%2Fv2%2Fmedia&parent=6529"}],"wp:term":[{"taxonomy":"product_brand","embeddable":true,"href":"https:\/\/humanplus.com.co\/index.php?rest_route=%2Fwp%2Fv2%2Fproduct_brand&post=6529"},{"taxonomy":"product_cat","embeddable":true,"href":"https:\/\/humanplus.com.co\/index.php?rest_route=%2Fwp%2Fv2%2Fproduct_cat&post=6529"},{"taxonomy":"product_tag","embeddable":true,"href":"https:\/\/humanplus.com.co\/index.php?rest_route=%2Fwp%2Fv2%2Fproduct_tag&post=6529"}],"curies":[{"name":"wp","href":"https:\/\/api.w.org\/{rel}","templated":true}]}}