{"id":6429,"date":"2025-09-29T22:31:21","date_gmt":"2025-09-29T22:31:21","guid":{"rendered":"https:\/\/humanplus.com.co\/?post_type=product&#038;p=6429"},"modified":"2026-03-01T11:40:48","modified_gmt":"2026-03-01T11:40:48","slug":"capsulas-de-curcuma-y-pimienta-negra","status":"publish","type":"product","link":"https:\/\/humanplus.com.co\/?product=capsulas-de-curcuma-y-pimienta-negra","title":{"rendered":"C\u00e1psulas de c\u00farcuma y pimienta negra"},"content":{"rendered":"<p>C\u00farcuma con Pimienta Negra: una combinaci\u00f3n poderosa para tu bienestar<\/p>\n<h3><span style=\"font-size: 16px; -webkit-text-size-adjust: 100%;\">Beneficios principales:<\/span><\/h3>\n<p class=\"p1\"><span class=\"s2\">\u2705 Bloquea mol\u00e9culas y v\u00edas que activan la inflamaci\u00f3n cr\u00f3nica.<\/span><\/p>\n<p class=\"p1\"><span class=\"s2\">\u2705 Fortalece el sistema inmune, ayudando a prevenir enfermedades.<\/span><\/p>\n<p class=\"p1\"><span class=\"s2\">\u2705 Poder antioxidante, que combate el da\u00f1o de los radicales libres y retrasa el envejecimiento celular.<\/span><\/p>\n<p class=\"p1\"><span class=\"s2\">\u2705 Mejora la digesti\u00f3n y favorece la salud intestinal.<\/span><\/p>\n<hr style=\"-webkit-text-size-adjust: 100%;\" \/>\n<h3>Beneficios para el deportista<\/h3>\n<ul>\n<li>Contribuye con la recuperaci\u00f3n muscular<\/li>\n<li>Funciona como antioxidante<\/li>\n<\/ul>\n<h3><strong>Propiedades de la c\u00farcuma en el dolor muscular<\/strong><\/h3>\n<p>La pr\u00e1ctica regular de ejercicio f\u00edsico tiene m\u00faltiples beneficios para la salud. Sin embargo, el ejercicio de alta intensidad, larga duraci\u00f3n y cortos periodos de recuperaci\u00f3n, puede conducir a procesos de inflamaci\u00f3n, da\u00f1o muscular y consecuentemente dolor muscular.<\/p>\n<p>Aunque la inflamaci\u00f3n moderada inducida por el ejercicio es una respuesta esencial para la adaptaci\u00f3n fisiol\u00f3gica y la regeneraci\u00f3n muscular, cuando no est\u00e1 bien controlada puede derivar en dolor muscular de aparici\u00f3n tard\u00eda (DOMS), tambi\u00e9n conocido como \u201cagujetas\u201d, limitar los entrenamientos por varios d\u00edas y disminuir el rendimiento deportivo.<\/p>\n<p>Fisiol\u00f3gicamente se produce un incremento en la concentraci\u00f3n s\u00e9rica de marcadores pro-inflamatorios (eicosanoides y citoquinas) y de especies reactivas de oxigeno, responsables de la inflamaci\u00f3n y el da\u00f1o muscular.<\/p>\n<p>Tanto en ejercicio de resistencia como en ejercicio de fuerza, la suplementaci\u00f3n con curcumina antes, durante y hasta 72 horas despu\u00e9s del ejercicio, ha demostrado menor dolor y da\u00f1o muscular en el grupo tratado reduciendo las concentraciones de creatin quinasa y citoquinas inflamatorias TNF-alfa, Il-6 e IL-8.<\/p>\n<h3><strong>C\u00farcuma, f\u00e1tiga muscular y rendimiento deportivo<\/strong><\/h3>\n<p>Despu\u00e9s de la suplementaci\u00f3n con curcumina hay una mejora significativa en determinados aspectos de la recuperaci\u00f3n muscular y de la movilidad post ejercicio, lo que permite una\u00a0<strong>recuperaci\u00f3n m\u00e1s r\u00e1pida<\/strong>\u00a0y un\u00a0<strong>mejor rendimiento f\u00edsico<\/strong>.<\/p>\n<p>Uno de los mecanismos de acci\u00f3n de la curcumina es su capacidad de inhibir el factor de transcripci\u00f3n nuclear kappa B (NF-kB), un importante factor en la regulaci\u00f3n de la cascada inflamatoria responsable de la producci\u00f3n de citoquinas e interleuquinas pro-inflamatorias mediante la expresi\u00f3n de los enzimas COX-2 y LOX-5.<\/p>\n<p>En cuanto al estr\u00e9s oxidativo, la curcumina ejerce su acci\u00f3n como antioxidante tanto neutralizando especies reactivas de ox\u00edgeno como estimulando las enzimas glutati\u00f3n peroxidasa, catalasa y super\u00f3xido dismutasa.<\/p>\n<h6><\/h6>\n<hr \/>\n<h6>Contraindicaciones:<\/h6>\n<p>No debe tomarse en caso de obstrucci\u00f3n de las v\u00edas biliares y c\u00e1lculos biliares, ni en embarazo o lactancia.<\/p>\n<p>&nbsp;<\/p>\n<p>&nbsp;<\/p>\n<p>&nbsp;<\/p>\n<hr \/>\n<p>&nbsp;<\/p>\n","protected":false},"excerpt":{"rendered":"<p>&nbsp;<\/p>\n<hr \/>\n<p>Extracto de C\u00farcuma 100% natural, sin conservantes ni aditivos m\u00e1s pimienta negra.<\/p>\n<p>*Frasco de 90 c\u00e1psulas, cada servicio es de 1500 mg .<\/p>\n<p>*Dosis recomendada: Tres c\u00e1psulas diarias.<\/p>\n<hr \/>\n<p>&nbsp;<\/p>\n","protected":false},"featured_media":6430,"comment_status":"open","ping_status":"closed","template":"","meta":{"site-sidebar-layout":"default","site-content-layout":"","ast-site-content-layout":"default","site-content-style":"default","site-sidebar-style":"default","ast-global-header-display":"","ast-banner-title-visibility":"","ast-main-header-display":"","ast-hfb-above-header-display":"","ast-hfb-below-header-display":"","ast-hfb-mobile-header-display":"","site-post-title":"","ast-breadcrumbs-content":"","ast-featured-img":"","footer-sml-layout":"","theme-transparent-header-meta":"default","adv-header-id-meta":"","stick-header-meta":"","header-above-stick-meta":"","header-main-stick-meta":"","header-below-stick-meta":"","astra-migrate-meta-layouts":"set","ast-page-background-enabled":"default","ast-page-background-meta":{"desktop":{"background-color":"","background-image":"","background-repeat":"repeat","background-position":"center center","background-size":"auto","background-attachment":"scroll","background-type":"","background-media":"","overlay-type":"","overlay-color":"","overlay-gradient":""},"tablet":{"background-color":"","background-image":"","background-repeat":"repeat","background-position":"center center","background-size":"auto","background-attachment":"scroll","background-type":"","background-media":"","overlay-type":"","overlay-color":"","overlay-gradient":""},"mobile":{"background-color":"","background-image":"","background-repeat":"repeat","background-position":"center center","background-size":"auto","background-attachment":"scroll","background-type":"","background-media":"","overlay-type":"","overlay-color":"","overlay-gradient":""}},"ast-content-background-meta":{"desktop":{"background-color":"var(--ast-global-color-5)","background-image":"","background-repeat":"repeat","background-position":"center center","background-size":"auto","background-attachment":"scroll","background-type":"","background-media":"","overlay-type":"","overlay-color":"","overlay-gradient":""},"tablet":{"background-color":"var(--ast-global-color-5)","background-image":"","background-repeat":"repeat","background-position":"center center","background-size":"auto","background-attachment":"scroll","background-type":"","background-media":"","overlay-type":"","overlay-color":"","overlay-gradient":""},"mobile":{"background-color":"var(--ast-global-color-5)","background-image":"","background-repeat":"repeat","background-position":"center center","background-size":"auto","background-attachment":"scroll","background-type":"","background-media":"","overlay-type":"","overlay-color":"","overlay-gradient":""}}},"product_brand":[],"product_cat":[27],"product_tag":[],"class_list":{"0":"post-6429","1":"product","2":"type-product","3":"status-publish","4":"has-post-thumbnail","6":"product_cat-salud-y-bienestar","7":"desktop-align-center","8":"tablet-align-center","9":"mobile-align-center","11":"first","12":"instock","13":"shipping-taxable","14":"purchasable","15":"product-type-simple"},"_links":{"self":[{"href":"https:\/\/humanplus.com.co\/index.php?rest_route=\/wp\/v2\/product\/6429","targetHints":{"allow":["GET"]}}],"collection":[{"href":"https:\/\/humanplus.com.co\/index.php?rest_route=\/wp\/v2\/product"}],"about":[{"href":"https:\/\/humanplus.com.co\/index.php?rest_route=\/wp\/v2\/types\/product"}],"replies":[{"embeddable":true,"href":"https:\/\/humanplus.com.co\/index.php?rest_route=%2Fwp%2Fv2%2Fcomments&post=6429"}],"wp:featuredmedia":[{"embeddable":true,"href":"https:\/\/humanplus.com.co\/index.php?rest_route=\/wp\/v2\/media\/6430"}],"wp:attachment":[{"href":"https:\/\/humanplus.com.co\/index.php?rest_route=%2Fwp%2Fv2%2Fmedia&parent=6429"}],"wp:term":[{"taxonomy":"product_brand","embeddable":true,"href":"https:\/\/humanplus.com.co\/index.php?rest_route=%2Fwp%2Fv2%2Fproduct_brand&post=6429"},{"taxonomy":"product_cat","embeddable":true,"href":"https:\/\/humanplus.com.co\/index.php?rest_route=%2Fwp%2Fv2%2Fproduct_cat&post=6429"},{"taxonomy":"product_tag","embeddable":true,"href":"https:\/\/humanplus.com.co\/index.php?rest_route=%2Fwp%2Fv2%2Fproduct_tag&post=6429"}],"curies":[{"name":"wp","href":"https:\/\/api.w.org\/{rel}","templated":true}]}}