{"id":6340,"date":"2025-07-20T21:24:23","date_gmt":"2025-07-20T21:24:23","guid":{"rendered":"https:\/\/humanplus.com.co\/?post_type=product&#038;p=6340"},"modified":"2026-05-03T16:59:21","modified_gmt":"2026-05-03T16:59:21","slug":"combo-resistencia-recuperacion-y-sueno","status":"publish","type":"product","link":"https:\/\/humanplus.com.co\/?product=combo-resistencia-recuperacion-y-sueno","title":{"rendered":"Combo resistencia, recuperaci\u00f3n y sue\u00f1o"},"content":{"rendered":"<p>En Human Plus hemos desarrollado un protocolo especializado para deportistas que buscan potenciar su rendimiento de forma natural, cuidando su salud y respetando los procesos de su cuerpo.<\/p>\n<p>Nuestro enfoque se basa en la ciencia. Cada ingrediente de nuestros productos est\u00e1 respaldado por estudios cl\u00ednicos en humanos, garantizando eficacia, seguridad y resultados reales.<\/p>\n<h5>\u00bfQu\u00e9 incluye nuestro protocolo?<\/h5>\n<h6>Remolacha<\/h6>\n<p>Fuente natural de nitratos que mejora la oxigenaci\u00f3n muscular, optimiza la resistencia y ayuda a elevar el rendimiento deportivo en entrenamientos de alta exigencia.<\/p>\n<h6>C\u00farcuma<\/h6>\n<p>Con potentes propiedades antiinflamatorias, contribuye a una recuperaci\u00f3n muscular m\u00e1s r\u00e1pida y fortalece el sistema inmune. Ideal para mantener el cuerpo en equilibrio despu\u00e9s del esfuerzo f\u00edsico.<\/p>\n<h6>Ashwagandha<\/h6>\n<p>Adapt\u00f3geno reconocido por su capacidad para reducir el estr\u00e9s, mejorar la calidad del sue\u00f1o y acelerar la recuperaci\u00f3n. Adem\u00e1s, se ha demostrado que ayuda a aumentar la fuerza y la masa muscular en deportistas.<\/p>\n<p>Este combo es ideal para quienes desean entrenar con m\u00e1s energ\u00eda, recuperarse mejor y mantenerse fuertes, f\u00edsica y mentalmente.<\/p>\n<hr \/>\n<h5>\u00bf C\u00f3mo debo tomarlos?<\/h5>\n<p><strong>*Remolacha:<\/strong> 2 C\u00e1psulas veinte minutos antes de entrenar<\/p>\n<p><strong>*C\u00farcuma:<\/strong> 3 C\u00e1psulas despu\u00e9s de entrenar<\/p>\n<p><strong>*Ashwagandha:<\/strong> 1 \u00f3 2 c\u00e1psulas una hora antes de dormir<\/p>\n","protected":false},"excerpt":{"rendered":"<p>&nbsp;<\/p>\n<hr \/>\n<p class=\"p1\"><span class=\"s1\">\u2022Remolacha 100 c\u00e1psulas<br \/>\n<\/span><span style=\"font-size: 16px; -webkit-text-size-adjust: 100%;\">\u2022C\u00farcuma <\/span>\u00a0<span style=\"font-size: 16px; -webkit-text-size-adjust: 100%;\">90 c\u00e1psulas<br \/>\n<\/span><span style=\"font-size: 16px; -webkit-text-size-adjust: 100%;\">\u2022Ashwagandha 60 c\u00e1psulas<\/span><\/p>\n<hr \/>\n<p>&nbsp;<\/p>\n","protected":false},"featured_media":6440,"comment_status":"open","ping_status":"closed","template":"","meta":{"site-sidebar-layout":"default","site-content-layout":"","ast-site-content-layout":"default","site-content-style":"default","site-sidebar-style":"default","ast-global-header-display":"","ast-banner-title-visibility":"","ast-main-header-display":"","ast-hfb-above-header-display":"","ast-hfb-below-header-display":"","ast-hfb-mobile-header-display":"","site-post-title":"","ast-breadcrumbs-content":"","ast-featured-img":"","footer-sml-layout":"","theme-transparent-header-meta":"default","adv-header-id-meta":"","stick-header-meta":"","header-above-stick-meta":"","header-main-stick-meta":"","header-below-stick-meta":"","astra-migrate-meta-layouts":"set","ast-page-background-enabled":"default","ast-page-background-meta":{"desktop":{"background-color":"","background-image":"","background-repeat":"repeat","background-position":"center center","background-size":"auto","background-attachment":"scroll","background-type":"","background-media":"","overlay-type":"","overlay-color":"","overlay-gradient":""},"tablet":{"background-color":"","background-image":"","background-repeat":"repeat","background-position":"center center","background-size":"auto","background-attachment":"scroll","background-type":"","background-media":"","overlay-type":"","overlay-color":"","overlay-gradient":""},"mobile":{"background-color":"","background-image":"","background-repeat":"repeat","background-position":"center center","background-size":"auto","background-attachment":"scroll","background-type":"","background-media":"","overlay-type":"","overlay-color":"","overlay-gradient":""}},"ast-content-background-meta":{"desktop":{"background-color":"var(--ast-global-color-5)","background-image":"","background-repeat":"repeat","background-position":"center center","background-size":"auto","background-attachment":"scroll","background-type":"","background-media":"","overlay-type":"","overlay-color":"","overlay-gradient":""},"tablet":{"background-color":"var(--ast-global-color-5)","background-image":"","background-repeat":"repeat","background-position":"center center","background-size":"auto","background-attachment":"scroll","background-type":"","background-media":"","overlay-type":"","overlay-color":"","overlay-gradient":""},"mobile":{"background-color":"var(--ast-global-color-5)","background-image":"","background-repeat":"repeat","background-position":"center center","background-size":"auto","background-attachment":"scroll","background-type":"","background-media":"","overlay-type":"","overlay-color":"","overlay-gradient":""}}},"product_brand":[],"product_cat":[27],"product_tag":[],"class_list":{"0":"post-6340","1":"product","2":"type-product","3":"status-publish","4":"has-post-thumbnail","6":"product_cat-salud-y-bienestar","7":"desktop-align-center","8":"tablet-align-center","9":"mobile-align-center","11":"first","12":"instock","13":"sale","14":"shipping-taxable","15":"purchasable","16":"product-type-simple"},"_links":{"self":[{"href":"https:\/\/humanplus.com.co\/index.php?rest_route=\/wp\/v2\/product\/6340","targetHints":{"allow":["GET"]}}],"collection":[{"href":"https:\/\/humanplus.com.co\/index.php?rest_route=\/wp\/v2\/product"}],"about":[{"href":"https:\/\/humanplus.com.co\/index.php?rest_route=\/wp\/v2\/types\/product"}],"replies":[{"embeddable":true,"href":"https:\/\/humanplus.com.co\/index.php?rest_route=%2Fwp%2Fv2%2Fcomments&post=6340"}],"wp:featuredmedia":[{"embeddable":true,"href":"https:\/\/humanplus.com.co\/index.php?rest_route=\/wp\/v2\/media\/6440"}],"wp:attachment":[{"href":"https:\/\/humanplus.com.co\/index.php?rest_route=%2Fwp%2Fv2%2Fmedia&parent=6340"}],"wp:term":[{"taxonomy":"product_brand","embeddable":true,"href":"https:\/\/humanplus.com.co\/index.php?rest_route=%2Fwp%2Fv2%2Fproduct_brand&post=6340"},{"taxonomy":"product_cat","embeddable":true,"href":"https:\/\/humanplus.com.co\/index.php?rest_route=%2Fwp%2Fv2%2Fproduct_cat&post=6340"},{"taxonomy":"product_tag","embeddable":true,"href":"https:\/\/humanplus.com.co\/index.php?rest_route=%2Fwp%2Fv2%2Fproduct_tag&post=6340"}],"curies":[{"name":"wp","href":"https:\/\/api.w.org\/{rel}","templated":true}]}}