{"id":3985,"date":"2021-01-02T22:31:02","date_gmt":"2021-01-02T22:31:02","guid":{"rendered":"http:\/\/humanplus.com.co\/?post_type=product&#038;p=3985"},"modified":"2026-01-16T11:25:53","modified_gmt":"2026-01-16T11:25:53","slug":"capsulas-de-remolacha","status":"publish","type":"product","link":"https:\/\/humanplus.com.co\/?product=capsulas-de-remolacha","title":{"rendered":"C\u00e1psulas de remolacha"},"content":{"rendered":"<blockquote><p>Beneficios para la salud<\/p><\/blockquote>\n<ul>\n<li>Fortalece el sistema inmunol\u00f3gico<\/li>\n<li>Previene y trata la anemia<\/li>\n<li>Mejora rendimiento sexual<\/li>\n<li>Controla la tensi\u00f3n arterial<\/li>\n<li>Ayuda a desintoxicar el cuerpo<\/li>\n<li>Combate el envejecimiento y los radicales libres<\/li>\n<li>Revitaliza al organismo<\/li>\n<li>Ayuda en la depuraci\u00f3n del organismo<\/li>\n<li>Contribuye a la salud cerebral<\/li>\n<li>Ayuda a que el coraz\u00f3n se mantenga saludable, permitiendo que los niveles de colesterol se reduzcan, as\u00ed como de triglic\u00e9ridos.<\/li>\n<li>Permite que el nivel de colesterol0 bueno (HDL) aumente<\/li>\n<li>Fortalece los huesos<\/li>\n<li>Ayuda en la cicatrizaci\u00f3n de heridas<\/li>\n<li>Ideal para combatir problemas respiratorios.<\/li>\n<li>Previene el envejecimiento prematuro<\/li>\n<li>Limpia el h\u00edgado<\/li>\n<li>Previene la acumulaci\u00f3n de dep\u00f3sitos grasos<\/li>\n<li>Previene el desarrollo de enfermedades cardiacas<\/li>\n<li>Ayuda a la salud digestiva<\/li>\n<\/ul>\n<h3>Beneficios para el deportista<\/h3>\n<ul>\n<li>Aumenta la resistencia<\/li>\n<li>Mejora la oxigenaci\u00f3n<\/li>\n<li>Reduce la fatiga muscular<\/li>\n<li>Aporta a la recuperaci\u00f3n<\/li>\n<li>Desintoxica el organismo<\/li>\n<li>Aumenta los niveles de energ\u00eda<\/li>\n<\/ul>\n<p><a href=\"https:\/\/humanplus.com.co\/?cat=29\">M\u00e1s informaci\u00f3n<\/a><\/p>\n<hr \/>\n<p>&nbsp;<\/p>\n","protected":false},"excerpt":{"rendered":"<h3 style=\"text-align: center;\"><!--\/data\/user\/0\/com.samsung.android.app.notes\/files\/clipdata\/clipdata_bodytext_230126_154109_638.sdocx--><\/h3>\n<h5 style=\"padding-left: 120px; text-align: center;\"><!--\/data\/user\/0\/com.samsung.android.app.notes\/files\/clipdata\/clipdata_bodytext_220928_130802_440.sdocx--><\/h5>\n<p>&nbsp;<\/p>\n<hr \/>\n<p><span style=\"font-size: 1.3em; font-weight: bold; -webkit-text-size-adjust: 100%;\">*Extracto de remolacha 100% natural, sin conservantes.<\/span><\/p>\n<p>*Frasco de 100 c\u00e1psulas, cada servicio es de 1000 mg de extracto puro de remolacha.<\/p>\n<p>*Dosis recomendada: Dos c\u00e1psulas diarias.<\/p>\n<hr \/>\n<p>&nbsp;<\/p>\n","protected":false},"featured_media":6172,"comment_status":"closed","ping_status":"closed","template":"","meta":{"site-sidebar-layout":"default","site-content-layout":"default","ast-site-content-layout":"default","site-content-style":"default","site-sidebar-style":"default","ast-global-header-display":"","ast-banner-title-visibility":"","ast-main-header-display":"","ast-hfb-above-header-display":"","ast-hfb-below-header-display":"","ast-hfb-mobile-header-display":"","site-post-title":"","ast-breadcrumbs-content":"","ast-featured-img":"","footer-sml-layout":"","theme-transparent-header-meta":"default","adv-header-id-meta":"","stick-header-meta":"","header-above-stick-meta":"","header-main-stick-meta":"","header-below-stick-meta":"","astra-migrate-meta-layouts":"set","ast-page-background-enabled":"default","ast-page-background-meta":{"desktop":{"background-color":"","background-image":"","background-repeat":"repeat","background-position":"center center","background-size":"auto","background-attachment":"scroll","background-type":"","background-media":"","overlay-type":"","overlay-color":"","overlay-gradient":""},"tablet":{"background-color":"","background-image":"","background-repeat":"repeat","background-position":"center center","background-size":"auto","background-attachment":"scroll","background-type":"","background-media":"","overlay-type":"","overlay-color":"","overlay-gradient":""},"mobile":{"background-color":"","background-image":"","background-repeat":"repeat","background-position":"center center","background-size":"auto","background-attachment":"scroll","background-type":"","background-media":"","overlay-type":"","overlay-color":"","overlay-gradient":""}},"ast-content-background-meta":{"desktop":{"background-color":"var(--ast-global-color-5)","background-image":"","background-repeat":"repeat","background-position":"center center","background-size":"auto","background-attachment":"scroll","background-type":"","background-media":"","overlay-type":"","overlay-color":"","overlay-gradient":""},"tablet":{"background-color":"var(--ast-global-color-5)","background-image":"","background-repeat":"repeat","background-position":"center center","background-size":"auto","background-attachment":"scroll","background-type":"","background-media":"","overlay-type":"","overlay-color":"","overlay-gradient":""},"mobile":{"background-color":"var(--ast-global-color-5)","background-image":"","background-repeat":"repeat","background-position":"center center","background-size":"auto","background-attachment":"scroll","background-type":"","background-media":"","overlay-type":"","overlay-color":"","overlay-gradient":""}}},"product_brand":[],"product_cat":[27],"product_tag":[],"class_list":{"0":"post-3985","1":"product","2":"type-product","3":"status-publish","4":"has-post-thumbnail","6":"product_cat-salud-y-bienestar","7":"desktop-align-center","8":"tablet-align-center","9":"mobile-align-center","11":"first","12":"instock","13":"shipping-taxable","14":"purchasable","15":"product-type-simple"},"_links":{"self":[{"href":"https:\/\/humanplus.com.co\/index.php?rest_route=\/wp\/v2\/product\/3985","targetHints":{"allow":["GET"]}}],"collection":[{"href":"https:\/\/humanplus.com.co\/index.php?rest_route=\/wp\/v2\/product"}],"about":[{"href":"https:\/\/humanplus.com.co\/index.php?rest_route=\/wp\/v2\/types\/product"}],"replies":[{"embeddable":true,"href":"https:\/\/humanplus.com.co\/index.php?rest_route=%2Fwp%2Fv2%2Fcomments&post=3985"}],"wp:featuredmedia":[{"embeddable":true,"href":"https:\/\/humanplus.com.co\/index.php?rest_route=\/wp\/v2\/media\/6172"}],"wp:attachment":[{"href":"https:\/\/humanplus.com.co\/index.php?rest_route=%2Fwp%2Fv2%2Fmedia&parent=3985"}],"wp:term":[{"taxonomy":"product_brand","embeddable":true,"href":"https:\/\/humanplus.com.co\/index.php?rest_route=%2Fwp%2Fv2%2Fproduct_brand&post=3985"},{"taxonomy":"product_cat","embeddable":true,"href":"https:\/\/humanplus.com.co\/index.php?rest_route=%2Fwp%2Fv2%2Fproduct_cat&post=3985"},{"taxonomy":"product_tag","embeddable":true,"href":"https:\/\/humanplus.com.co\/index.php?rest_route=%2Fwp%2Fv2%2Fproduct_tag&post=3985"}],"curies":[{"name":"wp","href":"https:\/\/api.w.org\/{rel}","templated":true}]}}